{"id":932,"date":"2024-01-05T13:20:40","date_gmt":"2024-01-05T13:20:40","guid":{"rendered":"https:\/\/www.airenka.com\/privacy-clarification-notice-for-contact-us\/"},"modified":"2024-08-13T13:06:28","modified_gmt":"2024-08-13T13:06:28","slug":"kisisel-verilerin-islenmesine-iliskin-aydinlatma-metni","status":"publish","type":"page","link":"https:\/\/www.airenka.com\/tr\/kisisel-verilerin-islenmesine-iliskin-aydinlatma-metni\/","title":{"rendered":"K\u0130\u015e\u0130SEL VER\u0130LER\u0130N \u0130\u015eLENMES\u0130NE \u0130L\u0130\u015eK\u0130N AYDINLATMA METN\u0130"},"content":{"rendered":"<div class=\"wpb-content-wrapper\">[vc_row][vc_column][vc_custom_heading text=&#8221;K\u0130\u015e\u0130SEL VER\u0130LER\u0130N \u0130\u015eLENMES\u0130NE \u0130L\u0130\u015eK\u0130N AYDINLATMA METN\u0130&#8221; google_fonts=&#8221;font_family:Roboto%20Condensed%3A300%2C300italic%2Cregular%2Citalic%2C700%2C700italic|font_style:400%20regular%3A400%3Anormal&#8221;][vc_empty_space][vc_column_text css=&#8221;&#8221;]\u0130\u015fbu Ki\u015fisel Verilerin \u0130\u015flenmesine \u0130li\u015fkin Ayd\u0131nlatma Metni; sa\u011f \u00fcst kutucukta belirtilen ilgili ki\u015fi grubunun \u015firket taraf\u0131ndan tutulan verileri i\u00e7in ge\u00e7erlidir.<\/p>\n<p>&nbsp;<\/p>\n<p><strong>1. NEDEN BU METN\u0130 G\u00d6NDER\u0130YORUZ?<\/strong><\/p>\n<p>AIRENKA Hava Ta\u015f\u0131mac\u0131l\u0131\u011f\u0131 A.\u015e. (\u015eirket) olarak, 6698 Say\u0131l\u0131 Ki\u015fisel Verilerin Korunmas\u0131 Kanunu (\u201cKVKK\u201d) ve 30356 say\u0131l\u0131 10.03.2018 tarihli Resmi Gazete\u2019de yay\u0131mlanan Ayd\u0131nlatma Y\u00fck\u00fcml\u00fcl\u00fc\u011f\u00fcn\u00fcn Yerine Getirilmesinde Uyulacak Usul ve Esaslar Hakk\u0131nda Tebli\u011f uyar\u0131nca, Veri Sorumlusu s\u0131fat\u0131yla haz\u0131rlanan i\u015fbu \u201cBilgilendirme\u201d yaz\u0131s\u0131 ile Sizlere, KVKK\u2019da yer alan \u201cVeri Sorumlusunun Ayd\u0131nlatma Y\u00fck\u00fcml\u00fcl\u00fc\u011f\u00fc\u201d ba\u015fl\u0131kl\u0131 10., \u201c\u0130lgili Ki\u015finin Haklar\u0131\u201d ba\u015fl\u0131kl\u0131 11. Ve Ayd\u0131nlatma Y\u00fck\u00fcml\u00fcl\u00fc\u011f\u00fcn\u00fcn Yerine Getirilmesinde Uyulacak Usul ve Esaslar Hakk\u0131nda Tebli\u011f\u2019de yer alan 4 ve 5. Maddeleri \u00e7er\u00e7evesinde; hangi ama\u00e7la ki\u015fisel verilerinizin i\u015flenece\u011fi, i\u015flenen ki\u015fisel verilerinizin kimlere ve hangi ama\u00e7la aktar\u0131labilece\u011fi, ki\u015fisel verilerinizin toplanmas\u0131n\u0131n y\u00f6ntemi ve hukuki sebebi ve KVKK\u2019n\u0131n 11. maddesinde say\u0131lan di\u011fer haklar\u0131n\u0131zla ilgili olarak bilgi vermek amac\u0131yla d\u00fczenlenmi\u015ftir.<\/p>\n<p>&nbsp;<\/p>\n<p><strong>2. HANG\u0130 KONULARDA AYDINLATMA YAPIYORUZ?<\/strong><\/p>\n<ul>\n<li>Hangi verilerinizin topland\u0131\u011f\u0131<\/li>\n<li>Verilerinizin hangi ama\u00e7la i\u015flendi\u011fi<\/li>\n<li>Verinizin kimlerle payla\u015f\u0131ld\u0131\u011f\u0131<\/li>\n<li>Verilerinizin toplanmas\u0131n\u0131n hukuki sebebi \u2022 Verinizin imhas\u0131<\/li>\n<li>KVKK kapsam\u0131nda sahip oldu\u011funuz haklar<\/li>\n<\/ul>\n<p>&nbsp;<\/p>\n<p><strong>3. HANG\u0130 VER\u0130LER\u0130N\u0130Z\u0130 \u0130\u015eL\u0130YORUZ?<\/strong><\/p>\n<p>Web sitesinde yer alan <a href=\"https:\/\/www.airenka.com\/tr\/bizimle-iletisime-gecin\/\">https:\/\/www.airenka.com\/tr\/bizimle-iletisime-gecin\/<\/a> adresinde bulunan \u201c<strong>\u0130leti\u015fim Formu<\/strong>\u201dba\u015fl\u0131l\u0131 formun doldurulmas\u0131 halinde;<\/p>\n<table style=\"width: 100%;\">\n<tbody>\n<tr>\n<td width=\"172\"><strong>Kimlik Bilgileri<\/strong><\/td>\n<td width=\"490\">Ad, Soyad,<\/td>\n<\/tr>\n<tr>\n<td width=\"172\"><strong>\u0130leti\u015fim Bilgileri<\/strong><\/td>\n<td width=\"490\">E-Posta Adresi, G\u00f6nderilmek \u0130stenen Mesaj<\/td>\n<\/tr>\n<tr>\n<td width=\"172\"><strong>\u0130\u015flem G\u00fcvenli\u011fi<\/strong><\/td>\n<td width=\"490\">IP Adresi, \u0130nternet Sitesi Giri\u015f-\u00c7\u0131k\u0131\u015f Log Kay\u0131tlar\u0131, Sistem Log Kay\u0131tlar\u0131<\/td>\n<\/tr>\n<\/tbody>\n<\/table>\n<p>&nbsp;<\/p>\n<p><strong>4. K\u0130\u015e\u0130SEL VER\u0130LER\u0130N\u0130Z\u0130 K\u0130MLERLE HANG\u0130 AMA\u00c7LA PAYLA\u015eIYORUZ?<\/strong><\/p>\n<p>Yasal y\u00fck\u00fcml\u00fcl\u00fckler ya da KVKK\u2019n\u0131n 8\/2 ile 9\/2\u2019nci maddesi \u015fartlar\u0131n\u0131n varl\u0131\u011f\u0131 halinde ki\u015fisel verileriniz; hukuka ve d\u00fcr\u00fcstl\u00fck kural\u0131na uygun olarak do\u011fru ve g\u00fcncel bir \u015fekilde belirli, a\u00e7\u0131k ve me\u015fru ama\u00e7lar dahilinde s\u0131n\u0131rl\u0131 ve \u00f6l\u00e7\u00fcl\u00fc olmak kayd\u0131yla, olas\u0131 bir hukuki ihtilaf, soru\u015fturma, adli ya da idari denetim ve sair hallerde hukuki savunma hakk\u0131m\u0131z\u0131n kullan\u0131lmas\u0131, resmi ya da yasal di\u011fer bilgi ve belge taleplerine yan\u0131t verme, gibi ama\u00e7lar do\u011frultusunda \u015firket avukat\u0131m\u0131z, bilgi talep eden adli ve idari merciler ile \u015eirketimizin a\u00e7\u0131klanan ama\u00e7lar\u0131 ger\u00e7ekle\u015ftirebilmek amac\u0131yla hizmet alaca\u011f\u0131 \u00fc\u00e7\u00fcnc\u00fc taraf ki\u015fi veya ki\u015filerle veya yasal bir zorunluluk gere\u011fi bu verileri talep etmeye yetkili olan kamu kurum veya kurulu\u015flar\u0131 ile payla\u015f\u0131lmaktad\u0131r.<\/p>\n<p>&nbsp;<\/p>\n<p><strong>5. K\u0130\u015e\u0130SEL VER\u0130LER\u0130N\u0130Z\u0130N TOPLANMA VE \u0130\u015eLENME Y\u00d6NTEM\u0130 NED\u0130R?<\/strong><\/p>\n<p>Ki\u015fisel verilerinizi; 3 no\u2019lu k\u0131s\u0131mda zikredilen \u00e7e\u015fitli formlar\u0131n doldurulmas\u0131 vas\u0131tas\u0131yla otomatik olarak TOPLUYOR; dijital olarak bili\u015fim sistemine kaydetmek, fiziki sunucu ve bulut sunucu \u00fczerinde saklamak ile i\u015fin niteli\u011fine ve talep edilen\/i\u015flenmesi gereken ki\u015fisel verilerin niteli\u011fine g\u00f6re otomatik ya da otomatik olmayan yollarla veritaban\u0131 olu\u015fturmak, liste yapmak, belge doldurmak, dilek\u00e7e yazmak, form doldurmak vb. suretiyle \u0130\u015eL\u0130YORUZ.<\/p>\n<p>&nbsp;<\/p>\n<p><strong>6. K\u0130\u015e\u0130SEL VER\u0130LER\u0130N\u0130Z\u0130N \u0130\u015eLENME AMA\u00c7LARI NED\u0130R ve HUKUK\u0130 SEBEPLER\u0130?<\/strong><\/p>\n<p>Web sitesinde yer alan <a href=\"https:\/\/www.airenka.com\/tr\/bizimle-iletisime-gecin\/\">https:\/\/www.airenka.com\/tr\/bizimle-iletisime-gecin\/<\/a> adresinde bulunan \u201c\u0130leti\u015fim Formu\u201dba\u015fl\u0131kl\u0131 formun doldurulmas\u0131 halinde;<\/p>\n<table style=\"width: 100%;\" width=\"100%\">\n<tbody>\n<tr>\n<td width=\"115\"><strong>Ki\u015fisel Veri Kategorisi<\/strong><\/td>\n<td width=\"282\"><strong>\u0130\u015flenme Ama\u00e7lar\u0131<\/strong><\/td>\n<td width=\"283\"><strong>Hukuki Sebepleri<\/strong><\/td>\n<\/tr>\n<tr>\n<td width=\"115\">Kimlik Bilgileri<\/td>\n<td width=\"282\">Faaliyetlerin Mevzuata Uygun Y\u00fcr\u00fct\u00fclmesi, Hukuk \u0130\u015flerinin Takibi Ve Y\u00fcr\u00fct\u00fclmesi, Denetim \/ Etik Faaliyetlerinin Y\u00fcr\u00fct\u00fclmesi, \u0130leti\u015fim Faaliyetlerinin Y\u00fcr\u00fct\u00fclmesi, Mal \/ Hizmet Sat\u0131\u015f Sonras\u0131 Destek Hizmetlerinin Y\u00fcr\u00fct\u00fclmesi, Mal \/ Hizmet Sat\u0131\u015f S\u00fcre\u00e7lerinin Y\u00fcr\u00fct\u00fclmesi, M\u00fc\u015fteri \u0130li\u015fkileri Y\u00f6netimi S\u00fcre\u00e7lerinin Y\u00fcr\u00fct\u00fclmesi, M\u00fc\u015fteri Memnuniyetine Y\u00f6nelik Aktivitelerin Y\u00fcr\u00fct\u00fclmesi, Pazarlama Analiz \u00c7al\u0131\u015fmalar\u0131n\u0131n Y\u00fcr\u00fct\u00fclmesi, Risk Y\u00f6netimi S\u00fcre\u00e7lerinin Y\u00fcr\u00fct\u00fclmesi, Stratejik Planlama Faaliyetlerinin Y\u00fcr\u00fct\u00fclmesi, Talep \/ \u015eikayetlerin Takibi, Yetkili Ki\u015fi, Kurum Ve Kurulu\u015flara Bilgi Verilmesi<\/td>\n<td width=\"283\">6698 say\u0131l\u0131 Kanun\u2019un 5\/2&#8217;nci maddesinin (\u00e7) bendinde d\u00fczenlenen &#8220;Veri sorumlusunun hukuki y\u00fck\u00fcml\u00fcl\u00fc\u011f\u00fcn\u00fc yerine getirebilmesi i\u00e7in zorunlu olmas\u0131&#8221;<\/p>\n<p>6698 say\u0131l\u0131 Kanun\u2019un 5\/2&#8217;nci maddesinin (e) bendinde d\u00fczenlenen &#8220;Bir hakk\u0131n tesisi, kullan\u0131lmas\u0131 veya korunmas\u0131 i\u00e7in veri i\u015flemenin zorunlu olmas\u0131&#8221;<\/p>\n<p>6698 say\u0131l\u0131 Kanun\u2019un 5\/2&#8217;nci maddesinin (f) bendinde d\u00fczenlenen &#8220;\u0130lgili ki\u015finin temel hak ve \u00f6zg\u00fcrl\u00fcklerine zarar vermemek kayd\u0131yla, veri sorumlusunun me\u015fru menfaatleri i\u00e7in veri i\u015flenmesinin zorunlu olmas\u0131&#8221;<\/td>\n<\/tr>\n<tr>\n<td width=\"115\">\u0130leti\u015fim Bilgileri<\/td>\n<td width=\"282\">Faaliyetlerin Mevzuata Uygun Y\u00fcr\u00fct\u00fclmesi, Hukuk \u0130\u015flerinin Takibi Ve Y\u00fcr\u00fct\u00fclmesi, Denetim \/ Etik Faaliyetlerinin Y\u00fcr\u00fct\u00fclmesi, \u0130leti\u015fim Faaliyetlerinin Y\u00fcr\u00fct\u00fclmesi, Mal \/ Hizmet Sat\u0131\u015f Sonras\u0131 Destek Hizmetlerinin Y\u00fcr\u00fct\u00fclmesi, Mal \/ Hizmet Sat\u0131\u015f S\u00fcre\u00e7lerinin Y\u00fcr\u00fct\u00fclmesi, M\u00fc\u015fteri \u0130li\u015fkileri Y\u00f6netimi S\u00fcre\u00e7lerinin Y\u00fcr\u00fct\u00fclmesi, M\u00fc\u015fteri Memnuniyetine Y\u00f6nelik Aktivitelerin Y\u00fcr\u00fct\u00fclmesi, Pazarlama Analiz \u00c7al\u0131\u015fmalar\u0131n\u0131n Y\u00fcr\u00fct\u00fclmesi, Risk Y\u00f6netimi S\u00fcre\u00e7lerinin Y\u00fcr\u00fct\u00fclmesi, Stratejik Planlama Faaliyetlerinin Y\u00fcr\u00fct\u00fclmesi, Talep \/ \u015eikayetlerin Takibi, Yetkili Ki\u015fi, Kurum Ve Kurulu\u015flara Bilgi Verilmesi<\/td>\n<td width=\"283\">6698 say\u0131l\u0131 Kanun\u2019un 5\/2&#8217;nci maddesinin (\u00e7) bendinde d\u00fczenlenen &#8220;Veri sorumlusunun hukuki y\u00fck\u00fcml\u00fcl\u00fc\u011f\u00fcn\u00fc yerine getirebilmesi i\u00e7in zorunlu olmas\u0131&#8221;<\/p>\n<p>6698 say\u0131l\u0131 Kanun\u2019un 5\/2&#8217;nci maddesinin (e) bendinde d\u00fczenlenen &#8220;Bir hakk\u0131n tesisi, kullan\u0131lmas\u0131 veya korunmas\u0131 i\u00e7in veri i\u015flemenin zorunlu olmas\u0131&#8221;<\/p>\n<p>6698 say\u0131l\u0131 Kanun\u2019un 5\/2&#8217;nci maddesinin (f) bendinde d\u00fczenlenen &#8220;\u0130lgili ki\u015finin temel hak ve \u00f6zg\u00fcrl\u00fcklerine zarar vermemek kayd\u0131yla, veri sorumlusunun me\u015fru menfaatleri i\u00e7in veri i\u015flenmesinin zorunlu olmas\u0131&#8221;<\/td>\n<\/tr>\n<tr>\n<td width=\"115\">\u0130\u015flem G\u00fcvenli\u011fi<\/td>\n<td width=\"282\">Hukuk i\u015flerinin takibi ve y\u00fcr\u00fct\u00fclmesi, faaliyetlerin mevzuata uygun y\u00fcr\u00fct\u00fclmesi, yetkili ki\u015fi, kurum ve kurulu\u015flara bilgi verilmesi, bilgi g\u00fcvenli\u011fi s\u00fcre\u00e7lerinin y\u00fcr\u00fct\u00fclmesi, veri sorumlusu operasyonlar\u0131n\u0131n g\u00fcvenli\u011finin temini, eri\u015fim yetkilerinin y\u00fcr\u00fct\u00fclmesi.<\/td>\n<td width=\"283\">6698 say\u0131l\u0131 Kanun\u2019un 5\/2&#8217;nci maddesinin (a) bendinde d\u00fczenlenen &#8220;Kanunlarda a\u00e7\u0131k\u00e7a \u00f6ng\u00f6r\u00fclmesi&#8221;<\/p>\n<p>6698 say\u0131l\u0131 Kanun\u2019un 5\/2&#8217;nci maddesinin (f) bendinde d\u00fczenlenen &#8220;\u0130lgili ki\u015finin temel hak ve \u00f6zg\u00fcrl\u00fcklerine zarar vermemek kayd\u0131yla, veri sorumlusunun me\u015fru menfaatleri i\u00e7in veri i\u015flenmesinin zorunlu olmas\u0131&#8221;<\/td>\n<\/tr>\n<\/tbody>\n<\/table>\n<p>&nbsp;<\/p>\n<p><strong>7. KVKK KAPSAMINDA SAH\u0130P OLDU\u011eUNUZ HAKLARINIZ<\/strong><\/p>\n<ul>\n<li>\u015eirketimize ba\u015fvurarak ki\u015fisel verilerinizin;<br \/>\na) i\u015flenip i\u015flenmedi\u011fini \u00f6\u011frenme,<br \/>\nb) i\u015flenmi\u015fse bilgi talep etme,<br \/>\nc) i\u015flenme amac\u0131n\u0131 ve amac\u0131na uygun kullan\u0131l\u0131p kullan\u0131lmad\u0131\u011f\u0131n\u0131 \u00f6\u011frenme,<br \/>\n\u00e7) yurt i\u00e7inde \/ yurt d\u0131\u015f\u0131nda aktar\u0131ld\u0131\u011f\u0131 3. ki\u015fileri bilme,<br \/>\nd) eksik \/ yanl\u0131\u015f i\u015flenmi\u015fse d\u00fczeltilmesini isteme,<br \/>\ne) KVKK\u2019n\u0131n 7 nci maddesinde \u00f6ng\u00f6r\u00fclen \u015fartlar \u00e7er\u00e7evesinde silinmesini \/ yok edilmesini isteme,<br \/>\nf) aktar\u0131ld\u0131\u011f\u0131 \u00fc\u00e7\u00fcnc\u00fc ki\u015filere yukar\u0131da say\u0131lan (\u00e7) ve (d) bentleri uyar\u0131nca yap\u0131lan i\u015flemlerin bildirilmesini isteme,<br \/>\ng) m\u00fcnhas\u0131ran otomatik sistemler ile analiz edilmesi nedeniyle aleyhinize bir sonucun ortaya \u00e7\u0131kmas\u0131na itiraz etme,<br \/>\n\u011f) kanuna ayk\u0131r\u0131 olarak i\u015flenmesi sebebiyle zarara u\u011framan\u0131z h\u00e2linde zarar\u0131n giderilmesini talep etme hakk\u0131na sahipsiniz.<\/li>\n<\/ul>\n<p>&nbsp;<\/p>\n<p><strong>8. K\u0130\u015e\u0130SEL VER\u0130LER\u0130N\u0130Z\u0130N KORUNMASINA \u0130L\u0130\u015eK\u0130N \u00d6NLEMLER<\/strong><\/p>\n<p>Ki\u015fisel verilerin korunmas\u0131, \u015firketimiz i\u00e7in \u00f6nemli bir konudur. \u015eirketimiz, ki\u015fisel verilere yetkisiz eri\u015fim veya bu bilgilerin kayb\u0131, hatal\u0131 kullan\u0131m\u0131, if\u015fa edilmesi, de\u011fi\u015ftirilmesi veya imha edilmesine kar\u015f\u0131 korumak i\u00e7in gerekli teknik ve idari tedbirleri almaktad\u0131r. \u015eirketimiz, ki\u015fisel verilerinizi gizli tutmay\u0131, gizlili\u011fin sa\u011flanmas\u0131 ve g\u00fcvenli\u011fi i\u00e7in gerekli teknik ve idari her t\u00fcrl\u00fc tedbiri almay\u0131 ve gerekli \u00f6zeni g\u00f6stermeyi taahh\u00fct etmektedir.<\/p>\n<p>\u015eirketimizin gerekli bilgi g\u00fcvenli\u011fi \u00f6nlemlerini almas\u0131na kar\u015f\u0131n, web sitesine ve sisteme yap\u0131lan sald\u0131r\u0131lar sonucunda ki\u015fisel verilerin zarar g\u00f6rmesi veya \u00fc\u00e7\u00fcnc\u00fc ki\u015filerin eline ge\u00e7mesi durumunda, \u015eirketimiz bu durumu derhal sizlere ve Ki\u015fisel Verileri Koruma Kurulu\u2019na bildirir.<\/p>\n<p>&nbsp;<\/p>\n<p><strong>9. K\u0130\u015e\u0130SEL VER\u0130LER\u0130N\u0130Z\u0130N DO\u011eRU VE G\u00dcNCEL OLARAK MUHAFAZA ED\u0130LMES\u0130<\/strong><\/p>\n<p>Ki\u015fisel verilerini \u015firketimizle payla\u015fanlar, bu bilgilerin do\u011fru olmas\u0131n\u0131n ve g\u00fcncel bir \u015fekilde muhafaza edilmesinin, hem 6698 Say\u0131l\u0131 Ki\u015fisel Verilerin Korunmas\u0131 Kanunu anlam\u0131nda ki\u015fisel verileri \u00fczerinde sahip olduklar\u0131 haklar hem de ilgili di\u011fer mevzuat a\u00e7\u0131s\u0131ndan \u00f6nemli oldu\u011funu bildiklerini ve yanl\u0131\u015f bilgi verilmesinde do\u011facak sorumluluklar\u0131n tamamen kendilerine ait olaca\u011f\u0131n\u0131, kabul ve beyan etmi\u015flerdir.<\/p>\n<p>Payla\u015fm\u0131\u015f oldu\u011funuz ki\u015fisel verileriniz ile ilgili de\u011fi\u015fiklik ve\/veya g\u00fcncellemeleri a\u015fa\u011f\u0131da belirtilen KEP adresinden veya \u015firketimizin adresine fiziki posta yoluyla ya da <a href=\"https:\/\/www.airenka.com\/\">https:\/\/www.airenka.com\/<\/a> \u00fczerindeki ileti\u015fim kanallar\u0131ndan gerekli bildirimleri yapabilirsiniz.<\/p>\n<p>&nbsp;<\/p>\n<p><strong>10. K\u0130\u015e\u0130SEL VER\u0130LER\u0130N\u0130Z\u0130N S\u0130L\u0130NMES\u0130, YOK ED\u0130LMES\u0130 VEYA ANON\u0130M HALE GET\u0130R\u0130LMES\u0130<\/strong><\/p>\n<p>\u0130\u015fbu Bilgilendirme metninde belirtilen ama\u00e7larla i\u015flenmi\u015f olan ki\u015fisel verileriniz; KVKK md. 7\/f.1&#8217;e g\u00f6re i\u015flenmesi gerektiren ama\u00e7 ortadan kalkt\u0131\u011f\u0131nda ve varsa Kanunlar\u0131n belirledi\u011fi s\u00fcreler ge\u00e7ince; \u015eirketimizin Ki\u015fisel Veri Saklama ve \u0130mha Politikas\u0131 do\u011frultusunda re\u2019sen veya talebiniz \u00fczerine taraf\u0131m\u0131zca silinecek, yok edilecek veya anonimle\u015ftirilerek kullan\u0131lmaya devam edilecektir.<\/p>\n<p>&nbsp;<\/p>\n<p><strong>11. VER\u0130 SORUMLUSUNUN K\u0130ML\u0130\u011e\u0130<\/strong><\/p>\n<p>AIRENKA HAVA TA\u015eIMACILI\u011eI A.\u015e.<\/p>\n<p>Mersis No: 0010017927000018<\/p>\n<p>Address: Balmumcu Mah. Zincirlikuyu Yolu No:10 343249 Be\u015fikta\u015f &#8211; Istanbul<\/p>\n<p>KEP Address: <strong><a href=\"mailto:airenka@enka.hs03.kep.tr\">airenka@enka.hs03.kep.tr<\/a><\/strong>[\/vc_column_text][\/vc_column][\/vc_row]\n<\/div>","protected":false},"excerpt":{"rendered":"<p>[vc_row][vc_column][vc_custom_heading text=&#8221;K\u0130\u015e\u0130SEL VER\u0130LER\u0130N \u0130\u015eLENMES\u0130NE \u0130L\u0130\u015eK\u0130N AYDINLATMA METN\u0130&#8221; google_fonts=&#8221;font_family:Roboto%20Condensed%3A300%2C300italic%2Cregular%2Citalic%2C700%2C700italic|font_style:400%20regular%3A400%3Anormal&#8221;][vc_empty_space][vc_column_text css=&#8221;&#8221;]\u0130\u015fbu Ki\u015fisel Verilerin \u0130\u015flenmesine \u0130li\u015fkin Ayd\u0131nlatma Metni; sa\u011f \u00fcst kutucukta belirtilen ilgili ki\u015fi grubunun \u015firket taraf\u0131ndan tutulan verileri i\u00e7in ge\u00e7erlidir. &nbsp; 1. NEDEN BU METN\u0130 G\u00d6NDER\u0130YORUZ? AIRENKA Hava Ta\u015f\u0131mac\u0131l\u0131\u011f\u0131 A.\u015e. (\u015eirket) olarak, 6698 Say\u0131l\u0131 Ki\u015fisel Verilerin Korunmas\u0131 Kanunu (\u201cKVKK\u201d) ve 30356 say\u0131l\u0131 10.03.2018 tarihli Resmi Gazete\u2019de yay\u0131mlanan <a class=\"more-link\" href=\"https:\/\/www.airenka.com\/tr\/kisisel-verilerin-islenmesine-iliskin-aydinlatma-metni\/\">Continue reading <i class=\"fa fa-chevron-right\"><\/i><\/a><\/p>\n","protected":false},"author":1,"featured_media":0,"parent":0,"menu_order":0,"comment_status":"closed","ping_status":"closed","template":"","meta":{"_acf_changed":false,"om_disable_all_campaigns":false,"inline_featured_image":false,"_monsterinsights_skip_tracking":false,"_monsterinsights_sitenote_active":false,"_monsterinsights_sitenote_note":"","_monsterinsights_sitenote_category":0,"footnotes":""},"class_list":["post-932","page","type-page","status-publish","hentry"],"aioseo_notices":[],"acf":[],"_links":{"self":[{"href":"https:\/\/www.airenka.com\/tr\/wp-json\/wp\/v2\/pages\/932","targetHints":{"allow":["GET"]}}],"collection":[{"href":"https:\/\/www.airenka.com\/tr\/wp-json\/wp\/v2\/pages"}],"about":[{"href":"https:\/\/www.airenka.com\/tr\/wp-json\/wp\/v2\/types\/page"}],"author":[{"embeddable":true,"href":"https:\/\/www.airenka.com\/tr\/wp-json\/wp\/v2\/users\/1"}],"replies":[{"embeddable":true,"href":"https:\/\/www.airenka.com\/tr\/wp-json\/wp\/v2\/comments?post=932"}],"version-history":[{"count":0,"href":"https:\/\/www.airenka.com\/tr\/wp-json\/wp\/v2\/pages\/932\/revisions"}],"wp:attachment":[{"href":"https:\/\/www.airenka.com\/tr\/wp-json\/wp\/v2\/media?parent=932"}],"curies":[{"name":"wp","href":"https:\/\/api.w.org\/{rel}","templated":true}]}}