{"id":115,"date":"2016-03-14T15:36:24","date_gmt":"2016-03-14T15:36:24","guid":{"rendered":"http:\/\/172.30.28.12\/airenka\/quality-safety\/?lang=tr"},"modified":"2025-05-23T12:22:08","modified_gmt":"2025-05-23T12:22:08","slug":"kalite-emniyet","status":"publish","type":"page","link":"https:\/\/www.airenka.com\/tr\/kalite-emniyet\/","title":{"rendered":"Kalite &#038; Emniyet"},"content":{"rendered":"<div class=\"wpb-content-wrapper\">[vc_row][vc_column][vc_column_text]AIRENKA, yolcu g\u00fcvenli\u011fi ve konforunun yan\u0131 s\u0131ra, s\u00fcrekli g\u00fcvence ve s\u00fcrekli iyile\u015ftirmeyi sa\u011flayabilmek i\u00e7in ISO 9001:2015 Kalite Y\u00f6netim Sistem Standard\u0131n\u0131 baz almaktad\u0131r.<\/p>\n<p>Uluslararas\u0131 belgelendirme kurulu\u015fu olan T\u00dcV Rheinland taraf\u0131ndan d\u00fczenli olarak ger\u00e7ekle\u015ftirilen ara denetimler sonucunda ISO 9001:2015 belgesinin s\u00fcreklili\u011fi sa\u011flanmaktad\u0131r.[\/vc_column_text][\/vc_column][\/vc_row][vc_row][vc_column][vc_empty_space][\/vc_column][\/vc_row][vc_row][vc_column width=&#8221;1\/4&#8243;]\r\n\t\t<div class=\"shop-banner\" data-animation=\"\">\r\n\t\t\t<img decoding=\"async\" src=\"https:\/\/www.airenka.com\/wp-content\/uploads\/2016\/03\/bgpdfd.png\" \/>\r\n\t\t\t<div class=\"banner-content-wrapper\">\r\n\t\t\t\t<div class=\"banner-content\">\r\n\t\t\t\t\t<div class=\"banner-content-inner\">\r\n\t\t\t\t\t\t<div class=\"overlay\">\r\n\t\t\t\t\t\t\t\r\n\t\t\t\t<h3>AIRENKA<\/h3>\r\n\t\t\t\t<h4>ISO 9001:2015 KAL\u0130TE BELGES\u0130<\/h4><br>\r\n\t\t\t\t\t\t\t<a href=\"https:\/\/www.airenka.com\/wp-content\/uploads\/2025\/05\/01_100_901365_Main_TR.pdf\" target=\"\" class=\"button unfilled white\">TIKLAYIN<\/a>\r\n\t\t\t\t\t\t<\/div>\r\n\t\t\t\t\t<\/div>\r\n\t\t\t\t<\/div>\r\n\t\t\t<\/div>\r\n\t\t<\/div>[\/vc_column][vc_column width=&#8221;1\/4&#8243;]\r\n\t\t<div class=\"shop-banner\" data-animation=\"\">\r\n\t\t\t<img decoding=\"async\" src=\"https:\/\/www.airenka.com\/wp-content\/uploads\/2016\/03\/bgpdfd.png\" \/>\r\n\t\t\t<div class=\"banner-content-wrapper\">\r\n\t\t\t\t<div class=\"banner-content\">\r\n\t\t\t\t\t<div class=\"banner-content-inner\">\r\n\t\t\t\t\t\t<div class=\"overlay\">\r\n\t\t\t\t\t\t\t\r\n\t\t\t\t<h3>AIRENKA<\/h3>\r\n\t\t\t\t<h4>EMN\u0130YET POL\u0130T\u0130KASI<\/h4><br>\r\n\t\t\t\t\t\t\t<a href=\"https:\/\/www.airenka.com\/wp-content\/uploads\/2016\/03\/AIRENKA_Safety_Policy_Rev03_20230109.pdf\" target=\"\" class=\"button unfilled white\">TIKLAYIN<\/a>\r\n\t\t\t\t\t\t<\/div>\r\n\t\t\t\t\t<\/div>\r\n\t\t\t\t<\/div>\r\n\t\t\t<\/div>\r\n\t\t<\/div>[\/vc_column][vc_column width=&#8221;1\/4&#8243;]\r\n\t\t<div class=\"shop-banner\" data-animation=\"\">\r\n\t\t\t<img decoding=\"async\" src=\"https:\/\/www.airenka.com\/wp-content\/uploads\/2016\/03\/bgpdfd.png\" \/>\r\n\t\t\t<div class=\"banner-content-wrapper\">\r\n\t\t\t\t<div class=\"banner-content\">\r\n\t\t\t\t\t<div class=\"banner-content-inner\">\r\n\t\t\t\t\t\t<div class=\"overlay\">\r\n\t\t\t\t\t\t\t\r\n\t\t\t\t<h3>AIRENKA<\/h3>\r\n\t\t\t\t<h4>SHY-M ONAY SERT\u0130F\u0130KASI<\/h4><br>\r\n\t\t\t\t\t\t\t<a href=\"https:\/\/www.airenka.com\/wp-content\/uploads\/2016\/03\/SHY_M_Approval_Certificate_20190724.pdf\" target=\"\" class=\"button unfilled white\">TIKLAYIN<\/a>\r\n\t\t\t\t\t\t<\/div>\r\n\t\t\t\t\t<\/div>\r\n\t\t\t\t<\/div>\r\n\t\t\t<\/div>\r\n\t\t<\/div>[\/vc_column][vc_column width=&#8221;1\/4&#8243;]\r\n\t\t<div class=\"shop-banner\" data-animation=\"\">\r\n\t\t\t<img decoding=\"async\" src=\"https:\/\/www.airenka.com\/wp-content\/uploads\/2016\/03\/bgpdfd.png\" \/>\r\n\t\t\t<div class=\"banner-content-wrapper\">\r\n\t\t\t\t<div class=\"banner-content\">\r\n\t\t\t\t\t<div class=\"banner-content-inner\">\r\n\t\t\t\t\t\t<div class=\"overlay\">\r\n\t\t\t\t\t\t\t\r\n\t\t\t\t<h3>AIRENKA<\/h3>\r\n\t\t\t\t<h4>\u0130\u015eLETME RUHSATI<\/h4><br>\r\n\t\t\t\t\t\t\t<a href=\"https:\/\/www.airenka.com\/wp-content\/uploads\/2016\/03\/AIRENKA_Isletme_Ruhsati-2.pdf\" target=\"\" class=\"button unfilled white\">TIKLAYIN<\/a>\r\n\t\t\t\t\t\t<\/div>\r\n\t\t\t\t\t<\/div>\r\n\t\t\t\t<\/div>\r\n\t\t\t<\/div>\r\n\t\t<\/div>[\/vc_column][\/vc_row]\n<\/div>","protected":false},"excerpt":{"rendered":"<p>[vc_row][vc_column][vc_column_text]AIRENKA, yolcu g\u00fcvenli\u011fi ve konforunun yan\u0131 s\u0131ra, s\u00fcrekli g\u00fcvence ve s\u00fcrekli iyile\u015ftirmeyi sa\u011flayabilmek i\u00e7in ISO 9001:2015 Kalite Y\u00f6netim Sistem Standard\u0131n\u0131 baz almaktad\u0131r. Uluslararas\u0131 belgelendirme kurulu\u015fu olan T\u00dcV Rheinland taraf\u0131ndan d\u00fczenli olarak ger\u00e7ekle\u015ftirilen ara denetimler sonucunda ISO 9001:2015 belgesinin s\u00fcreklili\u011fi sa\u011flanmaktad\u0131r.[\/vc_column_text][\/vc_column][\/vc_row][vc_row][vc_column][vc_empty_space][\/vc_column][\/vc_row][vc_row][vc_column width=&#8221;1\/4&#8243;][\/vc_column][vc_column width=&#8221;1\/4&#8243;][\/vc_column][vc_column width=&#8221;1\/4&#8243;][\/vc_column][vc_column width=&#8221;1\/4&#8243;][\/vc_column][\/vc_row]<\/p>\n","protected":false},"author":1,"featured_media":0,"parent":0,"menu_order":0,"comment_status":"closed","ping_status":"closed","template":"","meta":{"_acf_changed":false,"om_disable_all_campaigns":false,"inline_featured_image":false,"_monsterinsights_skip_tracking":false,"_monsterinsights_sitenote_active":false,"_monsterinsights_sitenote_note":"","_monsterinsights_sitenote_category":0,"footnotes":""},"class_list":["post-115","page","type-page","status-publish","hentry"],"aioseo_notices":[],"acf":[],"_links":{"self":[{"href":"https:\/\/www.airenka.com\/tr\/wp-json\/wp\/v2\/pages\/115","targetHints":{"allow":["GET"]}}],"collection":[{"href":"https:\/\/www.airenka.com\/tr\/wp-json\/wp\/v2\/pages"}],"about":[{"href":"https:\/\/www.airenka.com\/tr\/wp-json\/wp\/v2\/types\/page"}],"author":[{"embeddable":true,"href":"https:\/\/www.airenka.com\/tr\/wp-json\/wp\/v2\/users\/1"}],"replies":[{"embeddable":true,"href":"https:\/\/www.airenka.com\/tr\/wp-json\/wp\/v2\/comments?post=115"}],"version-history":[{"count":1,"href":"https:\/\/www.airenka.com\/tr\/wp-json\/wp\/v2\/pages\/115\/revisions"}],"predecessor-version":[{"id":1038,"href":"https:\/\/www.airenka.com\/tr\/wp-json\/wp\/v2\/pages\/115\/revisions\/1038"}],"wp:attachment":[{"href":"https:\/\/www.airenka.com\/tr\/wp-json\/wp\/v2\/media?parent=115"}],"curies":[{"name":"wp","href":"https:\/\/api.w.org\/{rel}","templated":true}]}}